{"id":529,"date":"2015-04-20T11:50:56","date_gmt":"2015-04-20T11:50:56","guid":{"rendered":"http:\/\/welfare.cmsmasters.net\/?page_id=529"},"modified":"2019-10-30T14:38:51","modified_gmt":"2019-10-30T13:38:51","slug":"about-us","status":"publish","type":"page","link":"https:\/\/dansecorpsemotions.fr\/?page_id=529","title":{"rendered":"Qui suis je ?"},"content":{"rendered":"<div id=\"cmsmasters_row_75vz2btso\" class=\"cmsmasters_row cmsmasters_color_scheme_default cmsmasters_row_top_default cmsmasters_row_bot_default cmsmasters_row_boxed\">\n<div class=\"cmsmasters_row_outer_parent\">\n<div class=\"cmsmasters_row_outer\">\n<div class=\"cmsmasters_row_inner\">\n<div class=\"cmsmasters_row_margin\">\n<div id=\"cmsmasters_column_h1clpw3xj\" class=\"cmsmasters_column one_first\">\n<div class=\"cmsmasters_column_inner\"><div id=\"cmsmasters_heading_5ydwyitkpl\" class=\"cmsmasters_heading_wrap cmsmasters_heading_align_center\">\n\t<h4 class=\"cmsmasters_heading\">Bienvenue sur Danse Corps Emotions<\/h4>\n<\/div><div id=\"cmsmasters_fb_fhy44jwfxa\" class=\"cmsmasters_featured_block\">\n<div class=\"featured_block_inner\">\n<div class=\"featured_block_text\">\n<div><div id=\"cmsmasters_heading_pa0gm2c6co\" class=\"cmsmasters_heading_wrap cmsmasters_heading_align_center\">\n\t<h2 class=\"cmsmasters_heading\">Ecoute du Mouvement, la Voix du Corps\u00ae<\/h2>\n<\/div><\/div>\n\n<\/div>\n<\/div>\n<\/div>\n<div id=\"cmsmasters_fb_zde0cdd2n\" class=\"cmsmasters_featured_block\">\n<div class=\"featured_block_inner\">\n<div class=\"featured_block_text\"><\/div>\n<\/div>\n<\/div>\n<\/div><\/div>\n<\/div>\n<\/div>\n<\/div>\n<\/div>\n<\/div>\n<div id=\"cmsmasters_row_td8jl2e32i\" class=\"cmsmasters_row cmsmasters_color_scheme_default cmsmasters_row_top_default cmsmasters_row_bot_default cmsmasters_row_boxed\">\n<div class=\"cmsmasters_row_outer_parent\">\n<div class=\"cmsmasters_row_outer\">\n<div class=\"cmsmasters_row_inner\">\n<div class=\"cmsmasters_row_margin\">\n<div id=\"cmsmasters_column_jkkyzwylo\" class=\"cmsmasters_column one_first\">\n<div class=\"cmsmasters_column_inner\">\n<div id=\"cmsmasters_divider_ot7zvgsg6i\" class=\"cmsmasters_divider cmsmasters_divider_width_long cmsmasters_divider_pos_center\"><\/div>\n<\/div><\/div>\n<\/div>\n<\/div>\n<\/div>\n<\/div>\n<\/div>\n<div id=\"cmsmasters_row_m6anhavly\" class=\"cmsmasters_row cmsmasters_color_scheme_default cmsmasters_row_top_default cmsmasters_row_bot_default cmsmasters_row_boxed\">\n<div class=\"cmsmasters_row_outer_parent\">\n<div class=\"cmsmasters_row_outer\">\n<div class=\"cmsmasters_row_inner\">\n<div class=\"cmsmasters_row_margin\">\n<div id=\"cmsmasters_column_1pb454tlq\" class=\"cmsmasters_column one_first\">\n<div class=\"cmsmasters_column_inner\"><div class=\"cmsmasters_content_slider_wrap\" style=\"max-width:px;\"><div id=\"cmsmasters_slider_tzc6dzcawi\" class=\"cmsmasters_owl_slider owl-carousel cmsmasters_content_slider\" data-auto-play=\"false\" data-stop-on-hover=\"false\" data-rewind-nav=\"true\" data-slide-speed=\"600\" data-pagination-speed=\"600\" data-rewind-speed=\"1000\" data-transition-style=\"false\" data-pagination=\"false\" data-navigation=\"true\"><div class=\"cmsmasters_owl_slider_item cmsmasters_content_slider_item\"><img width=\"4853\" height=\"3235\" src=\"https:\/\/dansecorpsemotions.fr\/wp-content\/uploads\/2019\/09\/IMG_3270.jpg\" class=\"attachment-full size-full\" alt=\"\" decoding=\"async\" loading=\"lazy\" srcset=\"https:\/\/dansecorpsemotions.fr\/wp-content\/uploads\/2019\/09\/IMG_3270.jpg 4853w, https:\/\/dansecorpsemotions.fr\/wp-content\/uploads\/2019\/09\/IMG_3270-300x200.jpg 300w, https:\/\/dansecorpsemotions.fr\/wp-content\/uploads\/2019\/09\/IMG_3270-768x512.jpg 768w, https:\/\/dansecorpsemotions.fr\/wp-content\/uploads\/2019\/09\/IMG_3270-1024x683.jpg 1024w, https:\/\/dansecorpsemotions.fr\/wp-content\/uploads\/2019\/09\/IMG_3270-580x386.jpg 580w, https:\/\/dansecorpsemotions.fr\/wp-content\/uploads\/2019\/09\/IMG_3270-860x573.jpg 860w, https:\/\/dansecorpsemotions.fr\/wp-content\/uploads\/2019\/09\/IMG_3270-1160x773.jpg 1160w, https:\/\/dansecorpsemotions.fr\/wp-content\/uploads\/2019\/09\/IMG_3270-1320x880.jpg 1320w, https:\/\/dansecorpsemotions.fr\/wp-content\/uploads\/2019\/09\/IMG_3270-600x400.jpg 600w\" sizes=\"(max-width: 4853px) 100vw, 4853px\" \/><\/div><div class=\"cmsmasters_owl_slider_item cmsmasters_content_slider_item\"><img width=\"5270\" height=\"3513\" src=\"https:\/\/dansecorpsemotions.fr\/wp-content\/uploads\/2019\/09\/IMG_3340.jpg\" class=\"attachment-full size-full\" alt=\"\" decoding=\"async\" loading=\"lazy\" srcset=\"https:\/\/dansecorpsemotions.fr\/wp-content\/uploads\/2019\/09\/IMG_3340.jpg 5270w, https:\/\/dansecorpsemotions.fr\/wp-content\/uploads\/2019\/09\/IMG_3340-300x200.jpg 300w, https:\/\/dansecorpsemotions.fr\/wp-content\/uploads\/2019\/09\/IMG_3340-768x512.jpg 768w, https:\/\/dansecorpsemotions.fr\/wp-content\/uploads\/2019\/09\/IMG_3340-1024x683.jpg 1024w, https:\/\/dansecorpsemotions.fr\/wp-content\/uploads\/2019\/09\/IMG_3340-580x386.jpg 580w, https:\/\/dansecorpsemotions.fr\/wp-content\/uploads\/2019\/09\/IMG_3340-860x573.jpg 860w, https:\/\/dansecorpsemotions.fr\/wp-content\/uploads\/2019\/09\/IMG_3340-1160x773.jpg 1160w, https:\/\/dansecorpsemotions.fr\/wp-content\/uploads\/2019\/09\/IMG_3340-1320x880.jpg 1320w, https:\/\/dansecorpsemotions.fr\/wp-content\/uploads\/2019\/09\/IMG_3340-600x400.jpg 600w\" sizes=\"(max-width: 5270px) 100vw, 5270px\" \/><\/div><div class=\"cmsmasters_owl_slider_item cmsmasters_content_slider_item\"><img width=\"3594\" height=\"2396\" src=\"https:\/\/dansecorpsemotions.fr\/wp-content\/uploads\/2019\/09\/IMG_3378.jpg\" class=\"attachment-full size-full\" alt=\"\" decoding=\"async\" loading=\"lazy\" srcset=\"https:\/\/dansecorpsemotions.fr\/wp-content\/uploads\/2019\/09\/IMG_3378.jpg 3594w, https:\/\/dansecorpsemotions.fr\/wp-content\/uploads\/2019\/09\/IMG_3378-300x200.jpg 300w, https:\/\/dansecorpsemotions.fr\/wp-content\/uploads\/2019\/09\/IMG_3378-768x512.jpg 768w, https:\/\/dansecorpsemotions.fr\/wp-content\/uploads\/2019\/09\/IMG_3378-1024x683.jpg 1024w, https:\/\/dansecorpsemotions.fr\/wp-content\/uploads\/2019\/09\/IMG_3378-580x386.jpg 580w, https:\/\/dansecorpsemotions.fr\/wp-content\/uploads\/2019\/09\/IMG_3378-860x573.jpg 860w, https:\/\/dansecorpsemotions.fr\/wp-content\/uploads\/2019\/09\/IMG_3378-1160x773.jpg 1160w, https:\/\/dansecorpsemotions.fr\/wp-content\/uploads\/2019\/09\/IMG_3378-1320x880.jpg 1320w, https:\/\/dansecorpsemotions.fr\/wp-content\/uploads\/2019\/09\/IMG_3378-600x400.jpg 600w\" sizes=\"(max-width: 3594px) 100vw, 3594px\" \/><\/div><div class=\"cmsmasters_owl_slider_item cmsmasters_content_slider_item\"><img width=\"5472\" height=\"3648\" src=\"https:\/\/dansecorpsemotions.fr\/wp-content\/uploads\/2019\/09\/IMG_3664.jpg\" class=\"attachment-full size-full\" alt=\"\" decoding=\"async\" loading=\"lazy\" srcset=\"https:\/\/dansecorpsemotions.fr\/wp-content\/uploads\/2019\/09\/IMG_3664.jpg 5472w, https:\/\/dansecorpsemotions.fr\/wp-content\/uploads\/2019\/09\/IMG_3664-300x200.jpg 300w, https:\/\/dansecorpsemotions.fr\/wp-content\/uploads\/2019\/09\/IMG_3664-768x512.jpg 768w, https:\/\/dansecorpsemotions.fr\/wp-content\/uploads\/2019\/09\/IMG_3664-1024x683.jpg 1024w, https:\/\/dansecorpsemotions.fr\/wp-content\/uploads\/2019\/09\/IMG_3664-580x386.jpg 580w, https:\/\/dansecorpsemotions.fr\/wp-content\/uploads\/2019\/09\/IMG_3664-860x573.jpg 860w, https:\/\/dansecorpsemotions.fr\/wp-content\/uploads\/2019\/09\/IMG_3664-1160x773.jpg 1160w, https:\/\/dansecorpsemotions.fr\/wp-content\/uploads\/2019\/09\/IMG_3664-1320x880.jpg 1320w, https:\/\/dansecorpsemotions.fr\/wp-content\/uploads\/2019\/09\/IMG_3664-600x400.jpg 600w\" sizes=\"(max-width: 5472px) 100vw, 5472px\" \/><\/div><div class=\"cmsmasters_owl_slider_item cmsmasters_content_slider_item\"><img width=\"2935\" height=\"4403\" src=\"https:\/\/dansecorpsemotions.fr\/wp-content\/uploads\/2019\/09\/IMG_3398-bis.jpg\" class=\"attachment-full size-full\" alt=\"\" decoding=\"async\" loading=\"lazy\" srcset=\"https:\/\/dansecorpsemotions.fr\/wp-content\/uploads\/2019\/09\/IMG_3398-bis.jpg 2935w, https:\/\/dansecorpsemotions.fr\/wp-content\/uploads\/2019\/09\/IMG_3398-bis-200x300.jpg 200w, https:\/\/dansecorpsemotions.fr\/wp-content\/uploads\/2019\/09\/IMG_3398-bis-768x1152.jpg 768w, https:\/\/dansecorpsemotions.fr\/wp-content\/uploads\/2019\/09\/IMG_3398-bis-683x1024.jpg 683w, https:\/\/dansecorpsemotions.fr\/wp-content\/uploads\/2019\/09\/IMG_3398-bis-860x1290.jpg 860w, https:\/\/dansecorpsemotions.fr\/wp-content\/uploads\/2019\/09\/IMG_3398-bis-1160x1740.jpg 1160w, https:\/\/dansecorpsemotions.fr\/wp-content\/uploads\/2019\/09\/IMG_3398-bis-1320x1980.jpg 1320w, https:\/\/dansecorpsemotions.fr\/wp-content\/uploads\/2019\/09\/IMG_3398-bis-600x900.jpg 600w\" sizes=\"(max-width: 2935px) 100vw, 2935px\" \/><\/div><\/div>\n<\/div>\n<div class=\"cmsmasters_text\">\n<p lang=\"en-US\" align=\"JUSTIFY\"><span lang=\"fr-FR\">Danse Art-Th\u00e9rapeute certifi\u00e9e EMVC\u00ae \u00abEcoute du Mouvement, la Voix <\/span><span lang=\"fr-FR\">du <\/span><span lang=\"fr-FR\">Corps<\/span><span lang=\"fr-FR\">\u00ae<\/span><span lang=\"fr-FR\">\u00bb sous la direction de la fondatrice Val\u00e9rie Gal\u00e9no-Delogu, valid\u00e9e et certifi\u00e9e par le CID (Conseil International <\/span><span lang=\"fr-FR\">de <\/span><span lang=\"fr-FR\">la Danse) l&rsquo;UNESCO, membre de la FFAT (F\u00e9d\u00e9ration Fran\u00e7aise des Art-th\u00e9rapeutes), danseuse depuis l&rsquo;\u00e2ge de 4ans, professionnelle sous la direction notamment de Nicole Guitton, Daniel Housset, Rick Odums, etc., puis form\u00e9e \u00e0 la Danse Sacr\u00e9e par Florence Burrus et Genevi\u00e8ve Khemt\u00e9mourian, \u00e0 la danse intuitive et la Danse de l&rsquo;\u00catre de Fabienne Courmont, j&rsquo;enseigne la danse avec mon c\u0153ur, ma passion de transmettre et d&rsquo;accompagner. <\/span><\/p>\n<p lang=\"en-US\" align=\"JUSTIFY\"><span lang=\"fr-FR\">Ma m\u00e9thode \u00ab\u00a0Danse Corps \u00c9motions\u00a0\u00bb propose de laisser s\u2019exprimer votre corps, sa po\u00e9sie, son v\u00e9cu, ses blessures sur des th\u00e9matiques choisies puis, apr\u00e8s avoir trouv\u00e9 l\u2019harmonie, de pouvoir verbaliser. <\/span><\/p>\n<p lang=\"en-US\" align=\"JUSTIFY\"><span lang=\"fr-FR\">Ainsi, le corps dansant s\u2019exprime sur une vague musicale, sans l\u2019intervention du mental, r\u00e9v\u00e8le nos \u00e9motions les plus profondes et les panse! \u00c9coutons notre sensorialit\u00e9\u2026 <\/span><span lang=\"fr-FR\">L\u00e0 o\u00f9 le geste prend la parole<\/span><span lang=\"fr-FR\">. <\/span><\/p>\n<p>Com\u00e9dienne Th\u00e9\u00e2tre sous la direction de J.F. Cros et metteur en sc\u00e8ne de nombreux spectacles et cabarets, je travaille \u00e9galement via le mime et les outils du th\u00e9\u00e2tre : improvisation, mise en sc\u00e8ne instinctive, jeux de r\u00f4le\u2026(Membre de l\u2019Association Nationale de Dramath\u00e9rapie).<\/p>\n<p>Praticienne certifi\u00e9e en Reprogrammation Neurobiologique &#8211; Enseignement par la Docteure Mahayana Isabelle Dugast.<\/p>\n<p>&nbsp;<\/p>\n<\/div>\n<\/div><\/div>\n<\/div>\n<\/div>\n<\/div>\n<\/div>\n<\/div>\n<div id=\"cmsmasters_row_q46i9bf9sy\" class=\"cmsmasters_row cmsmasters_color_scheme_default cmsmasters_row_top_default cmsmasters_row_bot_default cmsmasters_row_boxed\">\n<div class=\"cmsmasters_row_outer_parent\">\n<div class=\"cmsmasters_row_outer\">\n<div class=\"cmsmasters_row_inner\">\n<div class=\"cmsmasters_row_margin\">\n<div id=\"cmsmasters_column_1pxgmc3hva\" class=\"cmsmasters_column one_first\">\n<div class=\"cmsmasters_column_inner\"><div id=\"cmsmasters_fb_ehb911pa4l\" class=\"cmsmasters_featured_block\">\n<div class=\"featured_block_inner\">\n<div class=\"featured_block_text\">\n<div id=\"cmsmasters_heading_2jsfezbvsh\" class=\"cmsmasters_heading_wrap cmsmasters_heading_align_center\">\n\t<h2 class=\"cmsmasters_heading\">Faire \u00e9merger, accueillir, transformer ses \u00e9motions et se permettre d\u2019\u00eatre !<\/h2>\n<\/div>\n\n<\/div>\n<\/div>\n<\/div>\n<div class=\"cmsmasters_text\">\n<p align=\"JUSTIFY\"><span style=\"font-family: Calibri, sans-serif;\"><span style=\"font-size: medium;\"><span lang=\"fr-FR\">Encadr\u00e9 par les accords de non-jugement, de confidentialit\u00e9, de respect, de s\u00e9curit\u00e9 et des 3H \u201cHumilit\u00e9, Humour et Honn\u00eatet\u00e9\u201d, vous vous laisserez porter! <\/span><\/span><\/span><span style=\"font-family: Calibri, sans-serif;\"><span style=\"font-size: medium;\"><span lang=\"fr-FR\"><b>Soyez-vous \u201cM\u2019Aime\u201d! <\/b><\/span><\/span><\/span><\/p>\n<p align=\"JUSTIFY\"><span style=\"font-family: Arial, sans-serif;\"><span style=\"font-family: Calibri, sans-serif;\"><span style=\"font-size: medium;\"><span lang=\"fr-FR\">Le mouvement et la Danse nous am\u00e8nent dans la \u00ab\u00a0maison\u00a0\u00bb de l\u2019\u00e2me. Nous sommes dans une expression dans\u00e9e de l\u2019\u00eatre et non du \u00ab\u00a0devoir reproduire\u00a0\u00bb. Personne ne se soucie de comment vous dansez, il suffit de se lever et de laisser votre corps s\u2019exprimer\u2026<\/span><\/span><\/span><\/span><\/p>\n<p lang=\"fr-FR\" align=\"JUSTIFY\"><span style=\"font-family: Calibri, sans-serif;\"><span style=\"font-size: medium;\">La Danse Art-Th\u00e9rapie est ouverte \u00e0 tous, sans connaissance technique pr\u00e9alable.<\/span><\/span><\/p>\n<p lang=\"en-US\" align=\"JUSTIFY\"><span style=\"font-family: Arial, sans-serif;\"><span style=\"font-family: Calibri, sans-serif;\"><span style=\"font-size: medium;\"><b>Philosophie EMVC\u00ae \u00ab\u00a0Il y a une vitalit\u00e9, une force de vie, une \u00e9nergie, un \u00e9lan qui s\u2019exprime en actions \u00e0 travers vous. Et cette expression est unique, parce qu\u2019il n\u2019y aura jamais une personne identique \u00e0 vous. Et si vous faites obstacle \u00e0 cette expression, nul autre v\u00e9hicule ne lui permettra d\u2019exister\u2026 le monde en sera priv\u00e9. Ce n\u2019est pas \u00e0 vous de d\u00e9terminer si elle est satisfaisante, valable ou si elle supporte la comparaison avec ce que d\u2019autres expriment. C\u2019est \u00e0 vous de conserver \u00e0 cette expression son authenticit\u00e9 et de maintenir le canal ouvert\u2026 \u00a0\u00bb Martha GRAHAM<\/b><\/span><\/span><\/span><\/p>\n<\/div>\n<\/div><\/div>\n<\/div>\n<\/div>\n<\/div>\n<\/div>\n<\/div>\n\n","protected":false},"excerpt":{"rendered":"","protected":false},"author":1,"featured_media":0,"parent":0,"menu_order":0,"comment_status":"closed","ping_status":"closed","template":"","meta":[],"yoast_head":"<!-- This site is optimized with the Yoast SEO plugin v20.3 - https:\/\/yoast.com\/wordpress\/plugins\/seo\/ -->\n<title>Qui suis je ? - Danse Corps Emotions<\/title>\n<meta name=\"robots\" content=\"index, follow, max-snippet:-1, max-image-preview:large, max-video-preview:-1\" \/>\n<link rel=\"canonical\" href=\"https:\/\/dansecorpsemotions.fr\/?page_id=529\" \/>\n<meta property=\"og:locale\" content=\"fr_FR\" \/>\n<meta property=\"og:type\" content=\"article\" \/>\n<meta property=\"og:title\" content=\"Qui suis je ? - Danse Corps Emotions\" \/>\n<meta property=\"og:url\" content=\"https:\/\/dansecorpsemotions.fr\/?page_id=529\" \/>\n<meta property=\"og:site_name\" content=\"Danse Corps Emotions\" \/>\n<meta property=\"article:modified_time\" content=\"2019-10-30T13:38:51+00:00\" \/>\n<meta name=\"twitter:card\" content=\"summary_large_image\" \/>\n<meta name=\"twitter:label1\" content=\"Dur\u00e9e de lecture estim\u00e9e\" \/>\n\t<meta name=\"twitter:data1\" content=\"5 minutes\" \/>\n<script type=\"application\/ld+json\" class=\"yoast-schema-graph\">{\"@context\":\"https:\/\/schema.org\",\"@graph\":[{\"@type\":\"WebPage\",\"@id\":\"https:\/\/dansecorpsemotions.fr\/?page_id=529\",\"url\":\"https:\/\/dansecorpsemotions.fr\/?page_id=529\",\"name\":\"Qui suis je ? - Danse Corps Emotions\",\"isPartOf\":{\"@id\":\"https:\/\/dansecorpsemotions.fr\/#website\"},\"datePublished\":\"2015-04-20T11:50:56+00:00\",\"dateModified\":\"2019-10-30T13:38:51+00:00\",\"breadcrumb\":{\"@id\":\"https:\/\/dansecorpsemotions.fr\/?page_id=529#breadcrumb\"},\"inLanguage\":\"fr-FR\",\"potentialAction\":[{\"@type\":\"ReadAction\",\"target\":[\"https:\/\/dansecorpsemotions.fr\/?page_id=529\"]}]},{\"@type\":\"BreadcrumbList\",\"@id\":\"https:\/\/dansecorpsemotions.fr\/?page_id=529#breadcrumb\",\"itemListElement\":[{\"@type\":\"ListItem\",\"position\":1,\"name\":\"Home\",\"item\":\"https:\/\/dansecorpsemotions.fr\/\"},{\"@type\":\"ListItem\",\"position\":2,\"name\":\"Qui suis je ?\"}]},{\"@type\":\"WebSite\",\"@id\":\"https:\/\/dansecorpsemotions.fr\/#website\",\"url\":\"https:\/\/dansecorpsemotions.fr\/\",\"name\":\"Danse Corps Emotions\",\"description\":\"Ecoute du mouvement, la voix du corps\",\"potentialAction\":[{\"@type\":\"SearchAction\",\"target\":{\"@type\":\"EntryPoint\",\"urlTemplate\":\"https:\/\/dansecorpsemotions.fr\/?s={search_term_string}\"},\"query-input\":\"required name=search_term_string\"}],\"inLanguage\":\"fr-FR\"}]}<\/script>\n<!-- \/ Yoast SEO plugin. -->","yoast_head_json":{"title":"Qui suis je ? - Danse Corps Emotions","robots":{"index":"index","follow":"follow","max-snippet":"max-snippet:-1","max-image-preview":"max-image-preview:large","max-video-preview":"max-video-preview:-1"},"canonical":"https:\/\/dansecorpsemotions.fr\/?page_id=529","og_locale":"fr_FR","og_type":"article","og_title":"Qui suis je ? - Danse Corps Emotions","og_url":"https:\/\/dansecorpsemotions.fr\/?page_id=529","og_site_name":"Danse Corps Emotions","article_modified_time":"2019-10-30T13:38:51+00:00","twitter_card":"summary_large_image","twitter_misc":{"Dur\u00e9e de lecture estim\u00e9e":"5 minutes"},"schema":{"@context":"https:\/\/schema.org","@graph":[{"@type":"WebPage","@id":"https:\/\/dansecorpsemotions.fr\/?page_id=529","url":"https:\/\/dansecorpsemotions.fr\/?page_id=529","name":"Qui suis je ? - Danse Corps Emotions","isPartOf":{"@id":"https:\/\/dansecorpsemotions.fr\/#website"},"datePublished":"2015-04-20T11:50:56+00:00","dateModified":"2019-10-30T13:38:51+00:00","breadcrumb":{"@id":"https:\/\/dansecorpsemotions.fr\/?page_id=529#breadcrumb"},"inLanguage":"fr-FR","potentialAction":[{"@type":"ReadAction","target":["https:\/\/dansecorpsemotions.fr\/?page_id=529"]}]},{"@type":"BreadcrumbList","@id":"https:\/\/dansecorpsemotions.fr\/?page_id=529#breadcrumb","itemListElement":[{"@type":"ListItem","position":1,"name":"Home","item":"https:\/\/dansecorpsemotions.fr\/"},{"@type":"ListItem","position":2,"name":"Qui suis je ?"}]},{"@type":"WebSite","@id":"https:\/\/dansecorpsemotions.fr\/#website","url":"https:\/\/dansecorpsemotions.fr\/","name":"Danse Corps Emotions","description":"Ecoute du mouvement, la voix du corps","potentialAction":[{"@type":"SearchAction","target":{"@type":"EntryPoint","urlTemplate":"https:\/\/dansecorpsemotions.fr\/?s={search_term_string}"},"query-input":"required name=search_term_string"}],"inLanguage":"fr-FR"}]}},"_links":{"self":[{"href":"https:\/\/dansecorpsemotions.fr\/index.php?rest_route=\/wp\/v2\/pages\/529"}],"collection":[{"href":"https:\/\/dansecorpsemotions.fr\/index.php?rest_route=\/wp\/v2\/pages"}],"about":[{"href":"https:\/\/dansecorpsemotions.fr\/index.php?rest_route=\/wp\/v2\/types\/page"}],"author":[{"embeddable":true,"href":"https:\/\/dansecorpsemotions.fr\/index.php?rest_route=\/wp\/v2\/users\/1"}],"replies":[{"embeddable":true,"href":"https:\/\/dansecorpsemotions.fr\/index.php?rest_route=%2Fwp%2Fv2%2Fcomments&post=529"}],"version-history":[{"count":15,"href":"https:\/\/dansecorpsemotions.fr\/index.php?rest_route=\/wp\/v2\/pages\/529\/revisions"}],"predecessor-version":[{"id":14084,"href":"https:\/\/dansecorpsemotions.fr\/index.php?rest_route=\/wp\/v2\/pages\/529\/revisions\/14084"}],"wp:attachment":[{"href":"https:\/\/dansecorpsemotions.fr\/index.php?rest_route=%2Fwp%2Fv2%2Fmedia&parent=529"}],"curies":[{"name":"wp","href":"https:\/\/api.w.org\/{rel}","templated":true}]}}