{"id":11850,"date":"2016-06-24T12:08:02","date_gmt":"2016-06-24T10:08:02","guid":{"rendered":"http:\/\/template.cmsmasters.net\/?page_id=11850"},"modified":"2023-03-23T18:27:12","modified_gmt":"2023-03-23T17:27:12","slug":"contacts","status":"publish","type":"page","link":"https:\/\/dansecorpsemotions.fr\/?page_id=11850","title":{"rendered":"Contacts"},"content":{"rendered":"<div id=\"cmsmasters_row_qqhzwy41aw\" class=\"cmsmasters_row cmsmasters_color_scheme_default cmsmasters_row_top_default cmsmasters_row_bot_default cmsmasters_row_boxed\">\n<div class=\"cmsmasters_row_outer_parent\">\n<div class=\"cmsmasters_row_outer\">\n<div class=\"cmsmasters_row_inner\">\n<div class=\"cmsmasters_row_margin\">\n<div id=\"cmsmasters_column_h1clpw3xj\" class=\"cmsmasters_column one_first\">\n<div class=\"cmsmasters_column_inner\"><div class=\"aligncenter\"><div class=\"cmsmasters_img  cmsmasters_image_c\"><a href=\"https:\/\/dansecorpsemotions.fr\/wp-content\/uploads\/2019\/09\/Sans-titre-1-1.png\"><img src=\"https:\/\/dansecorpsemotions.fr\/wp-content\/uploads\/2019\/09\/Sans-titre-1-1-380x292.png\" \/><\/a><\/div><\/div><div id=\"cmsmasters_heading_2ulmozagv\" class=\"cmsmasters_heading_wrap cmsmasters_heading_align_center\">\n\t<h4 class=\"cmsmasters_heading\">ME JOINDRE \/ PLANNING<\/h4>\n<\/div><div id=\"cmsmasters_heading_9kqzjxtax\" class=\"cmsmasters_heading_wrap cmsmasters_heading_align_center\">\n\t<h2 class=\"cmsmasters_heading\">Planning<\/h2>\n<\/div><div id=\"cmsmasters_button_kij2n2hgxk\" class=\"button_wrap\"><a href=\"https:\/\/dansecorpsemotions.fr\/wp-content\/uploads\/2020\/09\/flyer-planning-septembre-verso.jpg\" class=\"cmsmasters_button\" target=\"_blank\"><span>T\u00e9l\u00e9charger le planning<\/span><\/a><\/div>\n<div id=\"cmsmasters_fb_gc2tab2gtf\" class=\"cmsmasters_featured_block\">\n<div class=\"featured_block_inner\">\n<div class=\"featured_block_text\">\n<div style=\"text-align: center;\"><span style=\"color: #6a6560; font-size: 16px; line-height: 28px;\">Des modifications sont souvent appliqu\u00e9es. N&rsquo;h\u00e9sitez pas \u00e0 v\u00e9rifier le planning r\u00e9guli\u00e8rement.<\/span><\/div>\n\n<\/div>\n<\/div>\n<\/div>\n<\/div><\/div>\n<\/div>\n<\/div>\n<\/div>\n<\/div>\n<\/div>\n<div id=\"cmsmasters_row_ujr7ykoc3q\" class=\"cmsmasters_row cmsmasters_color_scheme_default cmsmasters_row_top_default cmsmasters_row_bot_default cmsmasters_row_boxed\">\n<div class=\"cmsmasters_row_outer_parent\">\n<div class=\"cmsmasters_row_outer\">\n<div class=\"cmsmasters_row_inner\">\n<div class=\"cmsmasters_row_margin\">\n<div id=\"cmsmasters_column_20s7khizjk\" class=\"cmsmasters_column one_first\">\n<div class=\"cmsmasters_column_inner\"><p><\/p>\n<\/div><\/div>\n<\/div>\n<\/div>\n<\/div>\n<\/div>\n<\/div>\n\n","protected":false},"excerpt":{"rendered":"","protected":false},"author":1,"featured_media":0,"parent":0,"menu_order":0,"comment_status":"closed","ping_status":"closed","template":"","meta":[],"yoast_head":"<!-- This site is optimized with the Yoast SEO plugin v20.3 - https:\/\/yoast.com\/wordpress\/plugins\/seo\/ -->\n<title>Contacts - Danse Corps Emotions<\/title>\n<meta name=\"description\" content=\"Laurence Sadon - Danse Corps Emotions, Danse Art Th\u00e9rapeute EMVC et Expression corporelle 06 Alpes Maritimes\" \/>\n<meta name=\"robots\" content=\"index, follow, max-snippet:-1, max-image-preview:large, max-video-preview:-1\" \/>\n<link rel=\"canonical\" href=\"https:\/\/dansecorpsemotions.fr\/?page_id=11850\" \/>\n<meta property=\"og:locale\" content=\"fr_FR\" \/>\n<meta property=\"og:type\" content=\"article\" \/>\n<meta property=\"og:title\" content=\"Contacts - Danse Corps Emotions\" \/>\n<meta property=\"og:description\" content=\"Laurence Sadon - Danse Corps Emotions, Danse Art Th\u00e9rapeute EMVC et Expression corporelle 06 Alpes Maritimes\" \/>\n<meta property=\"og:url\" content=\"https:\/\/dansecorpsemotions.fr\/?page_id=11850\" \/>\n<meta property=\"og:site_name\" content=\"Danse Corps Emotions\" \/>\n<meta property=\"article:modified_time\" content=\"2023-03-23T17:27:12+00:00\" \/>\n<meta name=\"twitter:card\" content=\"summary_large_image\" \/>\n<meta name=\"twitter:label1\" content=\"Dur\u00e9e de lecture estim\u00e9e\" \/>\n\t<meta name=\"twitter:data1\" content=\"2 minutes\" \/>\n<script type=\"application\/ld+json\" class=\"yoast-schema-graph\">{\"@context\":\"https:\/\/schema.org\",\"@graph\":[{\"@type\":\"WebPage\",\"@id\":\"https:\/\/dansecorpsemotions.fr\/?page_id=11850\",\"url\":\"https:\/\/dansecorpsemotions.fr\/?page_id=11850\",\"name\":\"Contacts - Danse Corps Emotions\",\"isPartOf\":{\"@id\":\"https:\/\/dansecorpsemotions.fr\/#website\"},\"datePublished\":\"2016-06-24T10:08:02+00:00\",\"dateModified\":\"2023-03-23T17:27:12+00:00\",\"description\":\"Laurence Sadon - Danse Corps Emotions, Danse Art Th\u00e9rapeute EMVC et Expression corporelle 06 Alpes Maritimes\",\"breadcrumb\":{\"@id\":\"https:\/\/dansecorpsemotions.fr\/?page_id=11850#breadcrumb\"},\"inLanguage\":\"fr-FR\",\"potentialAction\":[{\"@type\":\"ReadAction\",\"target\":[\"https:\/\/dansecorpsemotions.fr\/?page_id=11850\"]}]},{\"@type\":\"BreadcrumbList\",\"@id\":\"https:\/\/dansecorpsemotions.fr\/?page_id=11850#breadcrumb\",\"itemListElement\":[{\"@type\":\"ListItem\",\"position\":1,\"name\":\"Home\",\"item\":\"https:\/\/dansecorpsemotions.fr\/\"},{\"@type\":\"ListItem\",\"position\":2,\"name\":\"Contacts\"}]},{\"@type\":\"WebSite\",\"@id\":\"https:\/\/dansecorpsemotions.fr\/#website\",\"url\":\"https:\/\/dansecorpsemotions.fr\/\",\"name\":\"Danse Corps Emotions\",\"description\":\"Ecoute du mouvement, la voix du corps\",\"potentialAction\":[{\"@type\":\"SearchAction\",\"target\":{\"@type\":\"EntryPoint\",\"urlTemplate\":\"https:\/\/dansecorpsemotions.fr\/?s={search_term_string}\"},\"query-input\":\"required name=search_term_string\"}],\"inLanguage\":\"fr-FR\"}]}<\/script>\n<!-- \/ Yoast SEO plugin. -->","yoast_head_json":{"title":"Contacts - Danse Corps Emotions","description":"Laurence Sadon - Danse Corps Emotions, Danse Art Th\u00e9rapeute EMVC et Expression corporelle 06 Alpes Maritimes","robots":{"index":"index","follow":"follow","max-snippet":"max-snippet:-1","max-image-preview":"max-image-preview:large","max-video-preview":"max-video-preview:-1"},"canonical":"https:\/\/dansecorpsemotions.fr\/?page_id=11850","og_locale":"fr_FR","og_type":"article","og_title":"Contacts - Danse Corps Emotions","og_description":"Laurence Sadon - Danse Corps Emotions, Danse Art Th\u00e9rapeute EMVC et Expression corporelle 06 Alpes Maritimes","og_url":"https:\/\/dansecorpsemotions.fr\/?page_id=11850","og_site_name":"Danse Corps Emotions","article_modified_time":"2023-03-23T17:27:12+00:00","twitter_card":"summary_large_image","twitter_misc":{"Dur\u00e9e de lecture estim\u00e9e":"2 minutes"},"schema":{"@context":"https:\/\/schema.org","@graph":[{"@type":"WebPage","@id":"https:\/\/dansecorpsemotions.fr\/?page_id=11850","url":"https:\/\/dansecorpsemotions.fr\/?page_id=11850","name":"Contacts - Danse Corps Emotions","isPartOf":{"@id":"https:\/\/dansecorpsemotions.fr\/#website"},"datePublished":"2016-06-24T10:08:02+00:00","dateModified":"2023-03-23T17:27:12+00:00","description":"Laurence Sadon - Danse Corps Emotions, Danse Art Th\u00e9rapeute EMVC et Expression corporelle 06 Alpes Maritimes","breadcrumb":{"@id":"https:\/\/dansecorpsemotions.fr\/?page_id=11850#breadcrumb"},"inLanguage":"fr-FR","potentialAction":[{"@type":"ReadAction","target":["https:\/\/dansecorpsemotions.fr\/?page_id=11850"]}]},{"@type":"BreadcrumbList","@id":"https:\/\/dansecorpsemotions.fr\/?page_id=11850#breadcrumb","itemListElement":[{"@type":"ListItem","position":1,"name":"Home","item":"https:\/\/dansecorpsemotions.fr\/"},{"@type":"ListItem","position":2,"name":"Contacts"}]},{"@type":"WebSite","@id":"https:\/\/dansecorpsemotions.fr\/#website","url":"https:\/\/dansecorpsemotions.fr\/","name":"Danse Corps Emotions","description":"Ecoute du mouvement, la voix du corps","potentialAction":[{"@type":"SearchAction","target":{"@type":"EntryPoint","urlTemplate":"https:\/\/dansecorpsemotions.fr\/?s={search_term_string}"},"query-input":"required name=search_term_string"}],"inLanguage":"fr-FR"}]}},"_links":{"self":[{"href":"https:\/\/dansecorpsemotions.fr\/index.php?rest_route=\/wp\/v2\/pages\/11850"}],"collection":[{"href":"https:\/\/dansecorpsemotions.fr\/index.php?rest_route=\/wp\/v2\/pages"}],"about":[{"href":"https:\/\/dansecorpsemotions.fr\/index.php?rest_route=\/wp\/v2\/types\/page"}],"author":[{"embeddable":true,"href":"https:\/\/dansecorpsemotions.fr\/index.php?rest_route=\/wp\/v2\/users\/1"}],"replies":[{"embeddable":true,"href":"https:\/\/dansecorpsemotions.fr\/index.php?rest_route=%2Fwp%2Fv2%2Fcomments&post=11850"}],"version-history":[{"count":15,"href":"https:\/\/dansecorpsemotions.fr\/index.php?rest_route=\/wp\/v2\/pages\/11850\/revisions"}],"predecessor-version":[{"id":14152,"href":"https:\/\/dansecorpsemotions.fr\/index.php?rest_route=\/wp\/v2\/pages\/11850\/revisions\/14152"}],"wp:attachment":[{"href":"https:\/\/dansecorpsemotions.fr\/index.php?rest_route=%2Fwp%2Fv2%2Fmedia&parent=11850"}],"curies":[{"name":"wp","href":"https:\/\/api.w.org\/{rel}","templated":true}]}}